{"id":15148,"date":"2023-11-13T22:40:45","date_gmt":"2023-11-13T20:40:45","guid":{"rendered":"https:\/\/silber.md\/?post_type=product&#038;p=15148"},"modified":"2023-11-20T00:34:43","modified_gmt":"2023-11-19T22:34:43","slug":"cruce-ortodoxa-rastignirea-lui-hristos-rugaciune-catre-cruce","status":"publish","type":"product","link":"https:\/\/silber.md\/ro\/market\/cruce-ortodoxa-rastignirea-lui-hristos-rugaciune-catre-cruce\/","title":{"rendered":"Cruce Ortodox\u0103 \u201eR\u0103stignirea lui Hristos. Rug\u0103ciune c\u0103tre Cruce\u201d"},"content":{"rendered":"<p>Material: argint cu \u00eennegrire<br \/>\nProba: 925<br \/>\nGreutate: 18,6 grame<\/p>\n","protected":false},"excerpt":{"rendered":"<p>Material: argint cu \u00eennegrire Proba: 925 Greutate: 18,6 grame<\/p>\n","protected":false},"featured_media":15145,"comment_status":"closed","ping_status":"closed","template":"","meta":[],"product_cat":[154],"product_tag":[156,155],"class_list":{"0":"post-15148","1":"product","2":"type-product","3":"status-publish","4":"has-post-thumbnail","6":"product_cat-cruciulite","7":"product_tag-cruce-din-argint","8":"product_tag-cruce-pectorala","10":"first","11":"instock","12":"shipping-taxable","13":"product-type-simple"},"_links":{"self":[{"href":"https:\/\/silber.md\/ro\/wp-json\/wp\/v2\/product\/15148","targetHints":{"allow":["GET"]}}],"collection":[{"href":"https:\/\/silber.md\/ro\/wp-json\/wp\/v2\/product"}],"about":[{"href":"https:\/\/silber.md\/ro\/wp-json\/wp\/v2\/types\/product"}],"replies":[{"embeddable":true,"href":"https:\/\/silber.md\/ro\/wp-json\/wp\/v2\/comments?post=15148"}],"wp:featuredmedia":[{"embeddable":true,"href":"https:\/\/silber.md\/ro\/wp-json\/wp\/v2\/media\/15145"}],"wp:attachment":[{"href":"https:\/\/silber.md\/ro\/wp-json\/wp\/v2\/media?parent=15148"}],"wp:term":[{"taxonomy":"product_cat","embeddable":true,"href":"https:\/\/silber.md\/ro\/wp-json\/wp\/v2\/product_cat?post=15148"},{"taxonomy":"product_tag","embeddable":true,"href":"https:\/\/silber.md\/ro\/wp-json\/wp\/v2\/product_tag?post=15148"}],"curies":[{"name":"wp","href":"https:\/\/api.w.org\/{rel}","templated":true}]}}