{"id":15159,"date":"2023-11-13T23:39:01","date_gmt":"2023-11-13T21:39:01","guid":{"rendered":"https:\/\/silber.md\/?post_type=product&#038;p=15159"},"modified":"2023-11-20T00:06:35","modified_gmt":"2023-11-19T22:06:35","slug":"cruce-ortodoxa-rastignirea-lui-hristos-sfantul-nicolae-facatorul-de-minuni","status":"publish","type":"product","link":"https:\/\/silber.md\/ro\/market\/cruce-ortodoxa-rastignirea-lui-hristos-sfantul-nicolae-facatorul-de-minuni\/","title":{"rendered":"Cruce Ortodox\u0103 \u201eR\u0103stignirea lui Hristos. Sf\u00e2ntul Nicolae F\u0103c\u0103torul de Minuni\u201d"},"content":{"rendered":"<p>Material: argint placat cu aur<br \/>\nProba: 925<br \/>\nGreutate: 7,4 grame<\/p>\n","protected":false},"excerpt":{"rendered":"<p>Material: argint placat cu aur Proba: 925 Greutate: 7,4 grame<\/p>\n","protected":false},"featured_media":15099,"comment_status":"closed","ping_status":"closed","template":"","meta":[],"product_cat":[154],"product_tag":[156,155],"class_list":{"0":"post-15159","1":"product","2":"type-product","3":"status-publish","4":"has-post-thumbnail","6":"product_cat-cruciulite","7":"product_tag-cruce-din-argint","8":"product_tag-cruce-pectorala","10":"first","11":"instock","12":"shipping-taxable","13":"product-type-simple"},"_links":{"self":[{"href":"https:\/\/silber.md\/ro\/wp-json\/wp\/v2\/product\/15159","targetHints":{"allow":["GET"]}}],"collection":[{"href":"https:\/\/silber.md\/ro\/wp-json\/wp\/v2\/product"}],"about":[{"href":"https:\/\/silber.md\/ro\/wp-json\/wp\/v2\/types\/product"}],"replies":[{"embeddable":true,"href":"https:\/\/silber.md\/ro\/wp-json\/wp\/v2\/comments?post=15159"}],"wp:featuredmedia":[{"embeddable":true,"href":"https:\/\/silber.md\/ro\/wp-json\/wp\/v2\/media\/15099"}],"wp:attachment":[{"href":"https:\/\/silber.md\/ro\/wp-json\/wp\/v2\/media?parent=15159"}],"wp:term":[{"taxonomy":"product_cat","embeddable":true,"href":"https:\/\/silber.md\/ro\/wp-json\/wp\/v2\/product_cat?post=15159"},{"taxonomy":"product_tag","embeddable":true,"href":"https:\/\/silber.md\/ro\/wp-json\/wp\/v2\/product_tag?post=15159"}],"curies":[{"name":"wp","href":"https:\/\/api.w.org\/{rel}","templated":true}]}}