{"id":15160,"date":"2023-11-13T23:43:26","date_gmt":"2023-11-13T21:43:26","guid":{"rendered":"https:\/\/silber.md\/?post_type=product&#038;p=15160"},"modified":"2023-11-19T19:15:36","modified_gmt":"2023-11-19T17:15:36","slug":"cruce-ortodoxa","status":"publish","type":"product","link":"https:\/\/silber.md\/ro\/market\/cruce-ortodoxa\/","title":{"rendered":"Cruce Ortodox\u0103 &#8220;R\u0103stignirea lui Hristos. Deesis. M\u00e2ntuitorul nu este f\u0103cut de m\u00e2n\u0103. Ocrotirea Sfintei Fecioare Maria.&#8221;"},"content":{"rendered":"<p>Material: argint cu \u00eennegrire<br \/>\nProba: 925<br \/>\nGreutate: 4,8 grame<\/p>\n","protected":false},"excerpt":{"rendered":"<p>Material: argint cu \u00eennegrire Proba: 925 Greutate: 4,8 grame<\/p>\n","protected":false},"featured_media":15094,"comment_status":"closed","ping_status":"closed","template":"","meta":[],"product_cat":[154],"product_tag":[156,155],"class_list":{"0":"post-15160","1":"product","2":"type-product","3":"status-publish","4":"has-post-thumbnail","6":"product_cat-cruciulite","7":"product_tag-cruce-din-argint","8":"product_tag-cruce-pectorala","10":"first","11":"instock","12":"shipping-taxable","13":"product-type-simple"},"_links":{"self":[{"href":"https:\/\/silber.md\/ro\/wp-json\/wp\/v2\/product\/15160","targetHints":{"allow":["GET"]}}],"collection":[{"href":"https:\/\/silber.md\/ro\/wp-json\/wp\/v2\/product"}],"about":[{"href":"https:\/\/silber.md\/ro\/wp-json\/wp\/v2\/types\/product"}],"replies":[{"embeddable":true,"href":"https:\/\/silber.md\/ro\/wp-json\/wp\/v2\/comments?post=15160"}],"wp:featuredmedia":[{"embeddable":true,"href":"https:\/\/silber.md\/ro\/wp-json\/wp\/v2\/media\/15094"}],"wp:attachment":[{"href":"https:\/\/silber.md\/ro\/wp-json\/wp\/v2\/media?parent=15160"}],"wp:term":[{"taxonomy":"product_cat","embeddable":true,"href":"https:\/\/silber.md\/ro\/wp-json\/wp\/v2\/product_cat?post=15160"},{"taxonomy":"product_tag","embeddable":true,"href":"https:\/\/silber.md\/ro\/wp-json\/wp\/v2\/product_tag?post=15160"}],"curies":[{"name":"wp","href":"https:\/\/api.w.org\/{rel}","templated":true}]}}