{"id":15196,"date":"2023-11-14T00:49:55","date_gmt":"2023-11-13T22:49:55","guid":{"rendered":"https:\/\/silber.md\/?post_type=product&#038;p=15196"},"modified":"2023-11-19T19:13:16","modified_gmt":"2023-11-19T17:13:16","slug":"iconita-de-corp-sfantul-nicolae-facatorul-de-minuni-2","status":"publish","type":"product","link":"https:\/\/silber.md\/ro\/market\/iconita-de-corp-sfantul-nicolae-facatorul-de-minuni-2\/","title":{"rendered":"Iconi\u021ba de Corp \u201eSf\u00e2ntul Nicolae F\u0103c\u0103torul de Minuni\u201d"},"content":{"rendered":"<p>Material: argint cu \u00eennegrire<br \/>\nProba: 925<br \/>\nGreutate: 5,3 grame<\/p>\n","protected":false},"excerpt":{"rendered":"<p>Material: argint cu \u00eennegrire Proba: 925 Greutate: 5,3 grame<\/p>\n","protected":false},"featured_media":15195,"comment_status":"closed","ping_status":"closed","template":"","meta":[],"product_cat":[154,161],"product_tag":[164,165],"class_list":{"0":"post-15196","1":"product","2":"type-product","3":"status-publish","4":"has-post-thumbnail","6":"product_cat-cruciulite","7":"product_cat-iconite","8":"product_tag-iconita-de-corp","9":"product_tag-iconita-din-argint","11":"first","12":"instock","13":"shipping-taxable","14":"product-type-simple"},"_links":{"self":[{"href":"https:\/\/silber.md\/ro\/wp-json\/wp\/v2\/product\/15196","targetHints":{"allow":["GET"]}}],"collection":[{"href":"https:\/\/silber.md\/ro\/wp-json\/wp\/v2\/product"}],"about":[{"href":"https:\/\/silber.md\/ro\/wp-json\/wp\/v2\/types\/product"}],"replies":[{"embeddable":true,"href":"https:\/\/silber.md\/ro\/wp-json\/wp\/v2\/comments?post=15196"}],"wp:featuredmedia":[{"embeddable":true,"href":"https:\/\/silber.md\/ro\/wp-json\/wp\/v2\/media\/15195"}],"wp:attachment":[{"href":"https:\/\/silber.md\/ro\/wp-json\/wp\/v2\/media?parent=15196"}],"wp:term":[{"taxonomy":"product_cat","embeddable":true,"href":"https:\/\/silber.md\/ro\/wp-json\/wp\/v2\/product_cat?post=15196"},{"taxonomy":"product_tag","embeddable":true,"href":"https:\/\/silber.md\/ro\/wp-json\/wp\/v2\/product_tag?post=15196"}],"curies":[{"name":"wp","href":"https:\/\/api.w.org\/{rel}","templated":true}]}}